{"id":262,"date":"2021-02-08T04:32:34","date_gmt":"2021-02-08T03:32:34","guid":{"rendered":"http:\/\/web1.netboss.es\/?page_id=262"},"modified":"2024-03-20T10:18:48","modified_gmt":"2024-03-20T09:18:48","slug":"corporate-governance","status":"publish","type":"page","link":"https:\/\/www.netboss.es\/en\/corporate-governance\/","title":{"rendered":"Corporate governance"},"content":{"rendered":"<div class=\"gb-container gb-container-588ab5b0 gb-container-main-container\"><div class=\"gb-inside-container\">\n<div class=\"gb-container gb-container-7a35f5b7\"><div class=\"gb-inside-container\">\n<div class=\"gb-grid-wrapper gb-grid-wrapper-bf26120b\">\n<div class=\"gb-grid-column gb-grid-column-9afe1ee5\"><div class=\"gb-container gb-container-9afe1ee5\"><div class=\"gb-inside-container\">\n\n<p>At Netboss Comunicaciones we promote aspects such as transparency, the culture of internal controls, the composition and the bodies of the Government, the protection of the rights of the shareholders, and the relation with the various groups of interest. <strong>In order to do so we have adopted the best market practices taking the highest standards as a reference.<\/strong><\/p>\n\n\n\n<p>Our governmental bodies take charge of maintaining a high level of excellence in <strong>meeting our commitments and ethical responsibilities<\/strong> and in promoting <strong>good practice<\/strong> in corporate government.<\/p>\n\n<\/div><\/div><\/div>\n<\/div>\n<\/div><\/div>\n\n<div class=\"gb-container gb-container-5b0d4129\"><div class=\"gb-inside-container\">\n<div class=\"gb-grid-wrapper gb-grid-wrapper-dffebfcc\">\n<div class=\"gb-grid-column gb-grid-column-ba1aa340\"><div class=\"gb-container gb-container-ba1aa340\"><div class=\"gb-inside-container\">\n<div class=\"wp-block-image img-equipo rounded-corners img is-style-rounded\">\n<figure class=\"aligncenter size-large\"><img loading=\"lazy\" decoding=\"async\" width=\"400\" height=\"400\" src=\"https:\/\/www.netboss.es\/en\/wp-content\/uploads\/2021\/02\/Roberto-De-Diego-2.jpg\" alt=\"\" class=\"wp-image-800\" srcset=\"https:\/\/www.netboss.es\/en\/wp-content\/uploads\/2021\/02\/Roberto-De-Diego-2.jpg 400w, https:\/\/www.netboss.es\/en\/wp-content\/uploads\/2021\/02\/Roberto-De-Diego-2-300x300.jpg 300w, https:\/\/www.netboss.es\/en\/wp-content\/uploads\/2021\/02\/Roberto-De-Diego-2-150x150.jpg 150w\" sizes=\"auto, (max-width: 400px) 100vw, 400px\" \/><\/figure>\n<\/div>\n\n<div class=\"gb-button-wrapper gb-button-wrapper-ff36282e\">\n\n<a class=\"gb-button gb-button-3d546af9 btn-linkedin\" href=\"https:\/\/www.linkedin.com\/in\/robertodediegoarozamena\" target=\"_blank\" rel=\"noopener noreferrer\"><span class=\"gb-icon\"><svg xmlns=\"https:\/\/www.w3.org\/2000\/svg\" viewBox=\"0 0 448 512\" width=\"1em\" height=\"1em\" aria-hidden=\"true\"><path d=\"M100.28 448H7.4V148.9h92.88zM53.79 108.1C24.09 108.1 0 83.5 0 53.8a53.79 53.79 0 0 1 107.58 0c0 29.7-24.1 54.3-53.79 54.3zM447.9 448h-92.68V302.4c0-34.7-.7-79.2-48.29-79.2-48.29 0-55.69 37.7-55.69 76.7V448h-92.78V148.9h89.08v40.8h1.3c12.4-23.5 42.69-48.3 87.88-48.3 94 0 111.28 61.9 111.28 142.3V448z\" fill=\"currentColor\"><\/path><\/svg><\/span><\/a>\n\n<\/div>\n\n\n<h5 class=\"gb-headline gb-headline-a0833930 gb-headline-text\">Roberto de Diego Arozamena<\/h5>\n\n\n\n<p style=\"font-size:12px\">Partner. Former CEO of Jazztel and Former President of BT Europe.<\/p>\n\n<\/div><\/div><\/div>\n\n<div class=\"gb-grid-column gb-grid-column-c8854953\"><div class=\"gb-container gb-container-c8854953\"><div class=\"gb-inside-container\">\n<div class=\"wp-block-image img-equipo rounded-corners img is-style-rounded\">\n<figure class=\"aligncenter size-large\"><img loading=\"lazy\" decoding=\"async\" width=\"400\" height=\"400\" src=\"https:\/\/www.netboss.es\/en\/wp-content\/uploads\/2021\/02\/Jose-Maria-Fdez-2.jpg\" alt=\"\" class=\"wp-image-796\" srcset=\"https:\/\/www.netboss.es\/en\/wp-content\/uploads\/2021\/02\/Jose-Maria-Fdez-2.jpg 400w, https:\/\/www.netboss.es\/en\/wp-content\/uploads\/2021\/02\/Jose-Maria-Fdez-2-300x300.jpg 300w, https:\/\/www.netboss.es\/en\/wp-content\/uploads\/2021\/02\/Jose-Maria-Fdez-2-150x150.jpg 150w\" sizes=\"auto, (max-width: 400px) 100vw, 400px\" \/><\/figure>\n<\/div>\n\n<div class=\"gb-button-wrapper gb-button-wrapper-5be6aafe\">\n\n<a class=\"gb-button gb-button-ead4c035 btn-linkedin\" href=\"https:\/\/www.linkedin.com\/in\/jmfda\/\" target=\"_blank\" rel=\"noopener noreferrer\"><span class=\"gb-icon\"><svg aria-hidden=\"true\" height=\"1em\" width=\"1em\" viewBox=\"0 0 448 512\" xmlns=\"https:\/\/www.w3.org\/2000\/svg\"><path fill=\"currentColor\" d=\"M100.28 448H7.4V148.9h92.88zM53.79 108.1C24.09 108.1 0 83.5 0 53.8a53.79 53.79 0 0 1 107.58 0c0 29.7-24.1 54.3-53.79 54.3zM447.9 448h-92.68V302.4c0-34.7-.7-79.2-48.29-79.2-48.29 0-55.69 37.7-55.69 76.7V448h-92.78V148.9h89.08v40.8h1.3c12.4-23.5 42.69-48.3 87.88-48.3 94 0 111.28 61.9 111.28 142.3V448z\"><\/path><\/svg><\/span><\/a>\n\n<\/div>\n\n\n<h5 class=\"gb-headline gb-headline-c09b14f0 gb-headline-text\">Jos\u00e9 Mar\u00eda Fern\u00e1ndez del Arco<\/h5>\n\n\n\n<p style=\"font-size:12px\">Founding Partner. CEO.<\/p>\n\n<\/div><\/div><\/div>\n\n<div class=\"gb-grid-column gb-grid-column-e9701a33\"><div class=\"gb-container gb-container-e9701a33\"><div class=\"gb-inside-container\">\n<div class=\"wp-block-image img-equipo rounded-corners img is-style-rounded\">\n<figure class=\"aligncenter size-large\"><img loading=\"lazy\" decoding=\"async\" width=\"400\" height=\"400\" src=\"https:\/\/www.netboss.es\/en\/wp-content\/uploads\/2021\/03\/Sol-Rojo-1.jpg\" alt=\"\" class=\"wp-image-2797\" srcset=\"https:\/\/www.netboss.es\/en\/wp-content\/uploads\/2021\/03\/Sol-Rojo-1.jpg 400w, https:\/\/www.netboss.es\/en\/wp-content\/uploads\/2021\/03\/Sol-Rojo-1-300x300.jpg 300w, https:\/\/www.netboss.es\/en\/wp-content\/uploads\/2021\/03\/Sol-Rojo-1-150x150.jpg 150w\" sizes=\"auto, (max-width: 400px) 100vw, 400px\" \/><\/figure>\n<\/div>\n\n<div class=\"gb-button-wrapper gb-button-wrapper-e77aeced\">\n\n<a class=\"gb-button gb-button-2f84c795 btn-linkedin\" href=\"https:\/\/www.linkedin.com\/in\/sol-rojo-vallejo-38603818\/\" target=\"_blank\" rel=\"noopener noreferrer\"><span class=\"gb-icon\"><svg xmlns=\"https:\/\/www.w3.org\/2000\/svg\" viewBox=\"0 0 448 512\" width=\"1em\" height=\"1em\" aria-hidden=\"true\"><path d=\"M100.28 448H7.4V148.9h92.88zM53.79 108.1C24.09 108.1 0 83.5 0 53.8a53.79 53.79 0 0 1 107.58 0c0 29.7-24.1 54.3-53.79 54.3zM447.9 448h-92.68V302.4c0-34.7-.7-79.2-48.29-79.2-48.29 0-55.69 37.7-55.69 76.7V448h-92.78V148.9h89.08v40.8h1.3c12.4-23.5 42.69-48.3 87.88-48.3 94 0 111.28 61.9 111.28 142.3V448z\" fill=\"currentColor\"><\/path><\/svg><\/span><\/a>\n\n<\/div>\n\n\n<h5 class=\"gb-headline gb-headline-142ffe62 gb-headline-text\">Sol Rojo Vallejo<\/h5>\n\n\n\n<p style=\"font-size:12px\">Partner. General Manager.<\/p>\n\n<\/div><\/div><\/div>\n\n<div class=\"gb-grid-column gb-grid-column-2460867e\"><div class=\"gb-container gb-container-2460867e\"><div class=\"gb-inside-container\">\n<div class=\"gb-container gb-container-650fb42e\"><div class=\"gb-inside-container\">\n<div class=\"wp-block-image img-equipo rounded-corners img is-style-rounded\">\n<figure class=\"aligncenter size-large\"><img loading=\"lazy\" decoding=\"async\" width=\"400\" height=\"400\" src=\"https:\/\/www.netboss.es\/en\/wp-content\/uploads\/2021\/03\/Modesto-Pin\u0303eiro.png\" alt=\"\" class=\"wp-image-2819\" srcset=\"https:\/\/www.netboss.es\/en\/wp-content\/uploads\/2021\/03\/Modesto-Pin\u0303eiro.png 400w, https:\/\/www.netboss.es\/en\/wp-content\/uploads\/2021\/03\/Modesto-Pin\u0303eiro-300x300.png 300w, https:\/\/www.netboss.es\/en\/wp-content\/uploads\/2021\/03\/Modesto-Pin\u0303eiro-150x150.png 150w\" sizes=\"auto, (max-width: 400px) 100vw, 400px\" \/><\/figure>\n<\/div>\n\n\n\n\n<h5 class=\"gb-headline gb-headline-3e394637 gb-headline-text\">Modesto Pi\u00f1eiro Garc\u00eda-Lago<\/h5>\n\n\n\n<p style=\"font-size:12px\">Partner. <\/p>\n\n\n\n<p style=\"font-size:12px\">. <\/p>\n\n<\/div><\/div>\n<\/div><\/div><\/div>\n\n<div class=\"gb-grid-column gb-grid-column-eff48bab\"><div class=\"gb-container gb-container-eff48bab\"><div class=\"gb-inside-container\">\n<div class=\"wp-block-image img-equipo rounded-corners img is-style-rounded\">\n<figure class=\"aligncenter size-large\"><img loading=\"lazy\" decoding=\"async\" width=\"400\" height=\"400\" src=\"https:\/\/www.netboss.es\/en\/wp-content\/uploads\/2021\/03\/Laureano-Cabrero.jpg\" alt=\"\" class=\"wp-image-2799\" srcset=\"https:\/\/www.netboss.es\/en\/wp-content\/uploads\/2021\/03\/Laureano-Cabrero.jpg 400w, https:\/\/www.netboss.es\/en\/wp-content\/uploads\/2021\/03\/Laureano-Cabrero-300x300.jpg 300w, https:\/\/www.netboss.es\/en\/wp-content\/uploads\/2021\/03\/Laureano-Cabrero-150x150.jpg 150w\" sizes=\"auto, (max-width: 400px) 100vw, 400px\" \/><\/figure>\n<\/div>\n\n<div class=\"gb-button-wrapper gb-button-wrapper-c97c6f4c\">\n\n<a class=\"gb-button gb-button-43619d94 btn-linkedin\" href=\"https:\/\/www.linkedin.com\/in\/laureano-cabrero-lia\u00f1o-23756111b\" target=\"_blank\" rel=\"noopener noreferrer\"><span class=\"gb-icon\"><svg xmlns=\"https:\/\/www.w3.org\/2000\/svg\" viewBox=\"0 0 448 512\" width=\"1em\" height=\"1em\" aria-hidden=\"true\"><path d=\"M100.28 448H7.4V148.9h92.88zM53.79 108.1C24.09 108.1 0 83.5 0 53.8a53.79 53.79 0 0 1 107.58 0c0 29.7-24.1 54.3-53.79 54.3zM447.9 448h-92.68V302.4c0-34.7-.7-79.2-48.29-79.2-48.29 0-55.69 37.7-55.69 76.7V448h-92.78V148.9h89.08v40.8h1.3c12.4-23.5 42.69-48.3 87.88-48.3 94 0 111.28 61.9 111.28 142.3V448z\" fill=\"currentColor\"><\/path><\/svg><\/span><\/a>\n\n<\/div>\n\n\n<h5 class=\"gb-headline gb-headline-c5e578b8 gb-headline-text\">Laureano Cabrero Lia\u00f1o<\/h5>\n\n\n\n<p style=\"font-size:12px\">Partner. <\/p>\n\n<\/div><\/div><\/div>\n<\/div>\n<\/div><\/div>\n<\/div><\/div>\n\n\n<div style=\"height:100px\" aria-hidden=\"true\" class=\"wp-block-spacer\"><\/div>\n","protected":false},"excerpt":{"rendered":"","protected":false},"author":5,"featured_media":0,"parent":0,"menu_order":0,"comment_status":"closed","ping_status":"closed","template":"","meta":{"rs_blank_template":"","rs_page_bg_color":"","slide_template_v7":"","footnotes":""},"class_list":["post-262","page","type-page","status-publish"],"yoast_head":"<!-- This site is optimized with the Yoast SEO plugin v27.3 - https:\/\/yoast.com\/product\/yoast-seo-wordpress\/ -->\n<title>Corporate governance - \u00a9 NETBOSS COMUNICACIONES S.L.<\/title>\n<meta name=\"robots\" content=\"index, follow, max-snippet:-1, max-image-preview:large, max-video-preview:-1\" \/>\n<link rel=\"canonical\" href=\"https:\/\/www.netboss.es\/en\/corporate-governance\/\" \/>\n<meta property=\"og:locale\" content=\"en_US\" \/>\n<meta property=\"og:type\" content=\"article\" \/>\n<meta property=\"og:title\" content=\"Corporate governance - \u00a9 NETBOSS COMUNICACIONES S.L.\" \/>\n<meta property=\"og:url\" content=\"https:\/\/www.netboss.es\/en\/corporate-governance\/\" \/>\n<meta property=\"og:site_name\" content=\"\u00a9 NETBOSS COMUNICACIONES S.L.\" \/>\n<meta property=\"article:modified_time\" content=\"2024-03-20T09:18:48+00:00\" \/>\n<meta property=\"og:image\" content=\"https:\/\/www.netboss.es\/en\/wp-content\/uploads\/2021\/02\/Roberto-De-Diego-2.jpg\" \/>\n<meta name=\"twitter:card\" content=\"summary_large_image\" \/>\n<meta name=\"twitter:label1\" content=\"Est. reading time\" \/>\n\t<meta name=\"twitter:data1\" content=\"3 minutes\" \/>\n<script type=\"application\/ld+json\" class=\"yoast-schema-graph\">{\"@context\":\"https:\\\/\\\/schema.org\",\"@graph\":[{\"@type\":\"WebPage\",\"@id\":\"https:\\\/\\\/www.netboss.es\\\/en\\\/corporate-governance\\\/\",\"url\":\"https:\\\/\\\/www.netboss.es\\\/en\\\/corporate-governance\\\/\",\"name\":\"Corporate governance - \u00a9 NETBOSS COMUNICACIONES S.L.\",\"isPartOf\":{\"@id\":\"https:\\\/\\\/www.netboss.es\\\/en\\\/#website\"},\"primaryImageOfPage\":{\"@id\":\"https:\\\/\\\/www.netboss.es\\\/en\\\/corporate-governance\\\/#primaryimage\"},\"image\":{\"@id\":\"https:\\\/\\\/www.netboss.es\\\/en\\\/corporate-governance\\\/#primaryimage\"},\"thumbnailUrl\":\"https:\\\/\\\/www.netboss.es\\\/en\\\/wp-content\\\/uploads\\\/2021\\\/02\\\/Roberto-De-Diego-2.jpg\",\"datePublished\":\"2021-02-08T03:32:34+00:00\",\"dateModified\":\"2024-03-20T09:18:48+00:00\",\"breadcrumb\":{\"@id\":\"https:\\\/\\\/www.netboss.es\\\/en\\\/corporate-governance\\\/#breadcrumb\"},\"inLanguage\":\"en-US\",\"potentialAction\":[{\"@type\":\"ReadAction\",\"target\":[\"https:\\\/\\\/www.netboss.es\\\/en\\\/corporate-governance\\\/\"]}]},{\"@type\":\"ImageObject\",\"inLanguage\":\"en-US\",\"@id\":\"https:\\\/\\\/www.netboss.es\\\/en\\\/corporate-governance\\\/#primaryimage\",\"url\":\"https:\\\/\\\/www.netboss.es\\\/en\\\/wp-content\\\/uploads\\\/2021\\\/02\\\/Roberto-De-Diego-2.jpg\",\"contentUrl\":\"https:\\\/\\\/www.netboss.es\\\/en\\\/wp-content\\\/uploads\\\/2021\\\/02\\\/Roberto-De-Diego-2.jpg\",\"width\":400,\"height\":400},{\"@type\":\"BreadcrumbList\",\"@id\":\"https:\\\/\\\/www.netboss.es\\\/en\\\/corporate-governance\\\/#breadcrumb\",\"itemListElement\":[{\"@type\":\"ListItem\",\"position\":1,\"name\":\"Portada\",\"item\":\"https:\\\/\\\/www.netboss.es\\\/en\\\/\"},{\"@type\":\"ListItem\",\"position\":2,\"name\":\"Corporate governance\"}]},{\"@type\":\"WebSite\",\"@id\":\"https:\\\/\\\/www.netboss.es\\\/en\\\/#website\",\"url\":\"https:\\\/\\\/www.netboss.es\\\/en\\\/\",\"name\":\"\u00a9 NETBOSS COMUNICACIONES S.L.\",\"description\":\"Consulting and outsourcing of services. Advanced technological solutions to help companies with their operational needs.\",\"publisher\":{\"@id\":\"https:\\\/\\\/www.netboss.es\\\/en\\\/#organization\"},\"potentialAction\":[{\"@type\":\"SearchAction\",\"target\":{\"@type\":\"EntryPoint\",\"urlTemplate\":\"https:\\\/\\\/www.netboss.es\\\/en\\\/?s={search_term_string}\"},\"query-input\":{\"@type\":\"PropertyValueSpecification\",\"valueRequired\":true,\"valueName\":\"search_term_string\"}}],\"inLanguage\":\"en-US\"},{\"@type\":\"Organization\",\"@id\":\"https:\\\/\\\/www.netboss.es\\\/en\\\/#organization\",\"name\":\"\u00a9 NETBOSS COMUNICACIONES S.L.\",\"url\":\"https:\\\/\\\/www.netboss.es\\\/en\\\/\",\"logo\":{\"@type\":\"ImageObject\",\"inLanguage\":\"en-US\",\"@id\":\"https:\\\/\\\/www.netboss.es\\\/en\\\/#\\\/schema\\\/logo\\\/image\\\/\",\"url\":\"https:\\\/\\\/www.netboss.es\\\/en\\\/wp-content\\\/uploads\\\/2021\\\/03\\\/logoNetboss.jpg\",\"contentUrl\":\"https:\\\/\\\/www.netboss.es\\\/en\\\/wp-content\\\/uploads\\\/2021\\\/03\\\/logoNetboss.jpg\",\"width\":2480,\"height\":776,\"caption\":\"\u00a9 NETBOSS COMUNICACIONES S.L.\"},\"image\":{\"@id\":\"https:\\\/\\\/www.netboss.es\\\/en\\\/#\\\/schema\\\/logo\\\/image\\\/\"},\"sameAs\":[\"https:\\\/\\\/www.linkedin.com\\\/company\\\/netboss\"]}]}<\/script>\n<!-- \/ Yoast SEO plugin. -->","yoast_head_json":{"title":"Corporate governance - \u00a9 NETBOSS COMUNICACIONES S.L.","robots":{"index":"index","follow":"follow","max-snippet":"max-snippet:-1","max-image-preview":"max-image-preview:large","max-video-preview":"max-video-preview:-1"},"canonical":"https:\/\/www.netboss.es\/en\/corporate-governance\/","og_locale":"en_US","og_type":"article","og_title":"Corporate governance - \u00a9 NETBOSS COMUNICACIONES S.L.","og_url":"https:\/\/www.netboss.es\/en\/corporate-governance\/","og_site_name":"\u00a9 NETBOSS COMUNICACIONES S.L.","article_modified_time":"2024-03-20T09:18:48+00:00","og_image":[{"url":"https:\/\/www.netboss.es\/en\/wp-content\/uploads\/2021\/02\/Roberto-De-Diego-2.jpg","type":"","width":"","height":""}],"twitter_card":"summary_large_image","twitter_misc":{"Est. reading time":"3 minutes"},"schema":{"@context":"https:\/\/schema.org","@graph":[{"@type":"WebPage","@id":"https:\/\/www.netboss.es\/en\/corporate-governance\/","url":"https:\/\/www.netboss.es\/en\/corporate-governance\/","name":"Corporate governance - \u00a9 NETBOSS COMUNICACIONES S.L.","isPartOf":{"@id":"https:\/\/www.netboss.es\/en\/#website"},"primaryImageOfPage":{"@id":"https:\/\/www.netboss.es\/en\/corporate-governance\/#primaryimage"},"image":{"@id":"https:\/\/www.netboss.es\/en\/corporate-governance\/#primaryimage"},"thumbnailUrl":"https:\/\/www.netboss.es\/en\/wp-content\/uploads\/2021\/02\/Roberto-De-Diego-2.jpg","datePublished":"2021-02-08T03:32:34+00:00","dateModified":"2024-03-20T09:18:48+00:00","breadcrumb":{"@id":"https:\/\/www.netboss.es\/en\/corporate-governance\/#breadcrumb"},"inLanguage":"en-US","potentialAction":[{"@type":"ReadAction","target":["https:\/\/www.netboss.es\/en\/corporate-governance\/"]}]},{"@type":"ImageObject","inLanguage":"en-US","@id":"https:\/\/www.netboss.es\/en\/corporate-governance\/#primaryimage","url":"https:\/\/www.netboss.es\/en\/wp-content\/uploads\/2021\/02\/Roberto-De-Diego-2.jpg","contentUrl":"https:\/\/www.netboss.es\/en\/wp-content\/uploads\/2021\/02\/Roberto-De-Diego-2.jpg","width":400,"height":400},{"@type":"BreadcrumbList","@id":"https:\/\/www.netboss.es\/en\/corporate-governance\/#breadcrumb","itemListElement":[{"@type":"ListItem","position":1,"name":"Portada","item":"https:\/\/www.netboss.es\/en\/"},{"@type":"ListItem","position":2,"name":"Corporate governance"}]},{"@type":"WebSite","@id":"https:\/\/www.netboss.es\/en\/#website","url":"https:\/\/www.netboss.es\/en\/","name":"\u00a9 NETBOSS COMUNICACIONES S.L.","description":"Consulting and outsourcing of services. Advanced technological solutions to help companies with their operational needs.","publisher":{"@id":"https:\/\/www.netboss.es\/en\/#organization"},"potentialAction":[{"@type":"SearchAction","target":{"@type":"EntryPoint","urlTemplate":"https:\/\/www.netboss.es\/en\/?s={search_term_string}"},"query-input":{"@type":"PropertyValueSpecification","valueRequired":true,"valueName":"search_term_string"}}],"inLanguage":"en-US"},{"@type":"Organization","@id":"https:\/\/www.netboss.es\/en\/#organization","name":"\u00a9 NETBOSS COMUNICACIONES S.L.","url":"https:\/\/www.netboss.es\/en\/","logo":{"@type":"ImageObject","inLanguage":"en-US","@id":"https:\/\/www.netboss.es\/en\/#\/schema\/logo\/image\/","url":"https:\/\/www.netboss.es\/en\/wp-content\/uploads\/2021\/03\/logoNetboss.jpg","contentUrl":"https:\/\/www.netboss.es\/en\/wp-content\/uploads\/2021\/03\/logoNetboss.jpg","width":2480,"height":776,"caption":"\u00a9 NETBOSS COMUNICACIONES S.L."},"image":{"@id":"https:\/\/www.netboss.es\/en\/#\/schema\/logo\/image\/"},"sameAs":["https:\/\/www.linkedin.com\/company\/netboss"]}]}},"_links":{"self":[{"href":"https:\/\/www.netboss.es\/en\/wp-json\/wp\/v2\/pages\/262","targetHints":{"allow":["GET"]}}],"collection":[{"href":"https:\/\/www.netboss.es\/en\/wp-json\/wp\/v2\/pages"}],"about":[{"href":"https:\/\/www.netboss.es\/en\/wp-json\/wp\/v2\/types\/page"}],"author":[{"embeddable":true,"href":"https:\/\/www.netboss.es\/en\/wp-json\/wp\/v2\/users\/5"}],"replies":[{"embeddable":true,"href":"https:\/\/www.netboss.es\/en\/wp-json\/wp\/v2\/comments?post=262"}],"version-history":[{"count":103,"href":"https:\/\/www.netboss.es\/en\/wp-json\/wp\/v2\/pages\/262\/revisions"}],"predecessor-version":[{"id":4510,"href":"https:\/\/www.netboss.es\/en\/wp-json\/wp\/v2\/pages\/262\/revisions\/4510"}],"wp:attachment":[{"href":"https:\/\/www.netboss.es\/en\/wp-json\/wp\/v2\/media?parent=262"}],"curies":[{"name":"wp","href":"https:\/\/api.w.org\/{rel}","templated":true}]}}